{"id":3932,"date":"2021-04-08T08:56:32","date_gmt":"2021-04-08T05:56:32","guid":{"rendered":"https:\/\/estetikvevaris.com\/kurumsal\/"},"modified":"2025-08-28T11:57:05","modified_gmt":"2025-08-28T08:57:05","slug":"%d8%ae%d8%a8%d8%b1%d8%a7%d8%a6%d9%86%d8%a7","status":"publish","type":"page","link":"https:\/\/estetikvevaris.com\/ar\/%d8%ae%d8%a8%d8%b1%d8%a7%d8%a6%d9%86%d8%a7\/","title":{"rendered":"\u062e\u0628\u0631\u0627\u0626\u0646\u0627"},"content":{"rendered":"\t\t<div data-elementor-type=\"wp-page\" data-elementor-id=\"3932\" class=\"elementor elementor-3932 elementor-88\" data-elementor-post-type=\"page\">\n\t\t\t\t\t\t<section class=\"elementor-section elementor-top-section elementor-element elementor-element-f2be8f7 elementor-section-full_width elementor-section-height-default elementor-section-height-default\" data-id=\"f2be8f7\" data-element_type=\"section\">\n\t\t\t\t\t\t<div class=\"elementor-container elementor-column-gap-no\">\n\t\t\t\t\t<div class=\"elementor-column elementor-col-100 elementor-top-column elementor-element elementor-element-462012e\" data-id=\"462012e\" data-element_type=\"column\">\n\t\t\t<div class=\"elementor-widget-wrap elementor-element-populated\">\n\t\t\t\t\t\t<div class=\"elementor-element elementor-element-2508712 elementor-align-center elementor-widget elementor-widget-bdevs-banner-other\" data-id=\"2508712\" data-element_type=\"widget\" data-widget_type=\"bdevs-banner-other.default\">\n\t\t\t\t<div class=\"elementor-widget-container\">\n\t\t\t  \n<section class=\"page-title-area\" style=\"background-image: url(http:\/\/estetikvevaris.com\/wp-content\/uploads\/2023\/11\/header-1.png);\">\n\n    <div class=\"container\">\n\n        <div class=\"row align-items-center\">\n\n            <div class=\"col-xl-5\">\n\n                <div class=\"page-title-wrapper\">\n\n                    <div class=\"page-title-inner\">\n\n                        <div class=\"page-title-inner-content theme-bg\">\n                        \t                            <div class=\"page-title\">\n\n                                <h1 class=\"main-page-title\">\u062e\u0628\u0631\u0627\u0626\u0646\u0627<\/h1>\n\n                            <\/div>\n                            \n                        <\/div>\n\n                    <\/div>\n\n                <\/div>\n\n            <\/div>\n\n        <\/div>\n\n    <\/div>\n\n<\/section>\n\t\t\t<\/div>\n\t\t\t\t<\/div>\n\t\t\t\t\t<\/div>\n\t\t<\/div>\n\t\t\t\t\t<\/div>\n\t\t<\/section>\n\t\t\t\t<section class=\"elementor-section elementor-top-section elementor-element elementor-element-fa4cd8e elementor-section-full_width elementor-section-height-default elementor-section-height-default\" data-id=\"fa4cd8e\" data-element_type=\"section\">\n\t\t\t\t\t\t<div class=\"elementor-container elementor-column-gap-no\">\n\t\t\t\t\t<div class=\"elementor-column elementor-col-100 elementor-top-column elementor-element elementor-element-ce0d3ee\" data-id=\"ce0d3ee\" data-element_type=\"column\">\n\t\t\t<div class=\"elementor-widget-wrap elementor-element-populated\">\n\t\t\t\t\t\t<div class=\"elementor-element elementor-element-b3d08fc elementor-widget elementor-widget-spacer\" data-id=\"b3d08fc\" data-element_type=\"widget\" data-widget_type=\"spacer.default\">\n\t\t\t\t<div class=\"elementor-widget-container\">\n\t\t\t<style>\/*! elementor - v3.23.0 - 05-08-2024 *\/\n.elementor-column .elementor-spacer-inner{height:var(--spacer-size)}.e-con{--container-widget-width:100%}.e-con-inner>.elementor-widget-spacer,.e-con>.elementor-widget-spacer{width:var(--container-widget-width,var(--spacer-size));--align-self:var(--container-widget-align-self,initial);--flex-shrink:0}.e-con-inner>.elementor-widget-spacer>.elementor-widget-container,.e-con>.elementor-widget-spacer>.elementor-widget-container{height:100%;width:100%}.e-con-inner>.elementor-widget-spacer>.elementor-widget-container>.elementor-spacer,.e-con>.elementor-widget-spacer>.elementor-widget-container>.elementor-spacer{height:100%}.e-con-inner>.elementor-widget-spacer>.elementor-widget-container>.elementor-spacer>.elementor-spacer-inner,.e-con>.elementor-widget-spacer>.elementor-widget-container>.elementor-spacer>.elementor-spacer-inner{height:var(--container-widget-height,var(--spacer-size))}.e-con-inner>.elementor-widget-spacer.elementor-widget-empty,.e-con>.elementor-widget-spacer.elementor-widget-empty{position:relative;min-height:22px;min-width:22px}.e-con-inner>.elementor-widget-spacer.elementor-widget-empty .elementor-widget-empty-icon,.e-con>.elementor-widget-spacer.elementor-widget-empty .elementor-widget-empty-icon{position:absolute;top:0;bottom:0;left:0;right:0;margin:auto;padding:0;width:22px;height:22px}<\/style>\t\t<div class=\"elementor-spacer\">\n\t\t\t<div class=\"elementor-spacer-inner\"><\/div>\n\t\t<\/div>\n\t\t\t\t<\/div>\n\t\t\t\t<\/div>\n\t\t\t\t<div class=\"elementor-element elementor-element-483809b elementor-align-left elementor-widget elementor-widget-bdevs-Projects\" data-id=\"483809b\" data-element_type=\"widget\" data-widget_type=\"bdevs-Projects.default\">\n\t\t\t\t<div class=\"elementor-widget-container\">\n\t\t\t  \r\n<section class=\"latest-project-area pb-100\">\r\n\r\n    <div class=\"container\">\r\n\r\n        <div class=\"row\">\r\n\r\n            <div class=\"col-xl-8 offset-xl-2\">\r\n\r\n                <div class=\"section-title text-center mb-75\">\r\n                \t                    <h6 class=\"mb-20\"><i class=\"far fa-plus\"><\/i> \u0645\u0648\u0638\u0641\u064a\u0646\u0627<i class=\"far fa-plus\"><\/i><\/h6>\r\n                                                            <h2>\u062d\u0648\u0644 \u062e\u0628\u0631\u0627\u0626\u0646\u0627<\/h2>\r\n                    \r\n                <\/div>\r\n\r\n            <\/div>\r\n\r\n        <\/div>\r\n\r\n        <div class=\"row\">\r\n        \t \r\n            <div class=\"col-xl-3 col-lg-4 col-md-6\">\r\n\r\n                <div class=\"project mb-30\">\r\n\r\n                    <div class=\"project__img\">\r\n                    \t<a href=\"https:\/\/estetikvevaris.com\/ar\/stories\/%d9%85%d8%aa%d8%ae%d8%b5%d8%b5-%d8%af%d9%83%d8%aa%d9%88%d8%b1-%d8%a3%d9%88%d9%84%d8%a7%d8%b4-%d8%ac%d9%88%d9%81%d9%8a%d9%86%d8%aa%d8%b4\/\">\r\n                        <img decoding=\"async\" src=\"https:\/\/estetikvevaris.com\/wp-content\/uploads\/2021\/04\/Ulas-Guvenc-Anasayfa.png\" alt=\"\">\r\n                    \t<\/a>\r\n                    <\/div>\r\n\r\n                    <div class=\"project__text__front white-bg\">\r\n\r\n                        <h6><a class=\"project-title\" href=\"https:\/\/estetikvevaris.com\/ar\/stories\/%d9%85%d8%aa%d8%ae%d8%b5%d8%b5-%d8%af%d9%83%d8%aa%d9%88%d8%b1-%d8%a3%d9%88%d9%84%d8%a7%d8%b4-%d8%ac%d9%88%d9%81%d9%8a%d9%86%d8%aa%d8%b4\/\">\u0645\u062a\u062e\u0635\u0635 \u062f\u0643\u062a\u0648\u0631. \u0623\u0648\u0644\u0627\u0634 \u062c\u0648\u0641\u064a\u0646\u062a\u0634<\/a><\/h6>\r\n\r\n                    <\/div>\r\n\r\n                    <div class=\"project__text__back white-bg\">\r\n\r\n                        <h6><a class=\"project-title\" href=\"https:\/\/estetikvevaris.com\/ar\/stories\/%d9%85%d8%aa%d8%ae%d8%b5%d8%b5-%d8%af%d9%83%d8%aa%d9%88%d8%b1-%d8%a3%d9%88%d9%84%d8%a7%d8%b4-%d8%ac%d9%88%d9%81%d9%8a%d9%86%d8%aa%d8%b4\/\">\u0645\u062a\u062e\u0635\u0635 \u062f\u0643\u062a\u0648\u0631. \u0623\u0648\u0644\u0627\u0634 \u062c\u0648\u0641\u064a\u0646\u062a\u0634<\/a><\/h6>\r\n\r\n                        <p class=\"mb-10\">                                    \u0645\u062a\u062e\u0635\u0635 \u062f\u0643\u062a\u0648\u0631. \u0623\u0648\u0644\u0627\u0634 \u062c\u0648\u0641\u064a\u0646\u062a\u0634\u0627\u0644\u0627\u0633\u0645 \u0648\u0627\u0644\u0644\u0642\u0628: \u0623\u0648\u0644\u0627\u0633 \u062c\u0648\u0641\u064a\u0646\u062a\u0634\u062a\u0627\u0631\u064a\u062e \u0627\u0644\u0645\u064a\u0644\u0627\u062f:...<\/p>\r\n                                                <a href=\"https:\/\/estetikvevaris.com\/ar\/stories\/%d9%85%d8%aa%d8%ae%d8%b5%d8%b5-%d8%af%d9%83%d8%aa%d9%88%d8%b1-%d8%a3%d9%88%d9%84%d8%a7%d8%b4-%d8%ac%d9%88%d9%81%d9%8a%d9%86%d8%aa%d8%b4\/\" class=\"more_btn2\">\u0130ncele <i class=\"fal fa-long-arrow-right\"><\/i><\/a>\r\n                                            <\/div>\r\n\r\n                <\/div>\r\n\r\n            <\/div>\r\n\r\n             \r\n            <div class=\"col-xl-3 col-lg-4 col-md-6\">\r\n\r\n                <div class=\"project mb-30\">\r\n\r\n                    <div class=\"project__img\">\r\n                    \t<a href=\"https:\/\/estetikvevaris.com\/ar\/stories\/%d9%85%d8%b1%d8%ac%d8%b9-%d8%b3%d8%a7%d8%a8%d9%82-%d8%af%d9%83%d8%aa%d9%88%d8%b1-%d8%a7%d8%ad%d8%b3%d8%a7%d9%86-%d8%a8%d9%8a%d8%b1%d9%82%d8%af%d8%a7%d8%b1\/\">\r\n                        <img decoding=\"async\" src=\"https:\/\/estetikvevaris.com\/wp-content\/uploads\/2021\/04\/Ihsan-Bayraktar.png\" alt=\"\">\r\n                    \t<\/a>\r\n                    <\/div>\r\n\r\n                    <div class=\"project__text__front white-bg\">\r\n\r\n                        <h6><a class=\"project-title\" href=\"https:\/\/estetikvevaris.com\/ar\/stories\/%d9%85%d8%b1%d8%ac%d8%b9-%d8%b3%d8%a7%d8%a8%d9%82-%d8%af%d9%83%d8%aa%d9%88%d8%b1-%d8%a7%d8%ad%d8%b3%d8%a7%d9%86-%d8%a8%d9%8a%d8%b1%d9%82%d8%af%d8%a7%d8%b1\/\">\u0645\u0631\u062c\u0639 \u0633\u0627\u0628\u0642. \u062f\u0643\u062a\u0648\u0631. \u0627\u062d\u0633\u0627\u0646 \u0628\u064a\u0631\u0642\u062f\u0627\u0631<\/a><\/h6>\r\n\r\n                    <\/div>\r\n\r\n                    <div class=\"project__text__back white-bg\">\r\n\r\n                        <h6><a class=\"project-title\" href=\"https:\/\/estetikvevaris.com\/ar\/stories\/%d9%85%d8%b1%d8%ac%d8%b9-%d8%b3%d8%a7%d8%a8%d9%82-%d8%af%d9%83%d8%aa%d9%88%d8%b1-%d8%a7%d8%ad%d8%b3%d8%a7%d9%86-%d8%a8%d9%8a%d8%b1%d9%82%d8%af%d8%a7%d8%b1\/\">\u0645\u0631\u062c\u0639 \u0633\u0627\u0628\u0642. \u062f\u0643\u062a\u0648\u0631. \u0627\u062d\u0633\u0627\u0646 \u0628\u064a\u0631\u0642\u062f\u0627\u0631<\/a><\/h6>\r\n\r\n                        <p class=\"mb-10\">                                    \u0645\u0631\u062c\u0639 \u0633\u0627\u0628\u0642. \u062f\u0643\u062a\u0648\u0631. \u0627\u062d\u0633\u0627\u0646 \u0628\u064a\u0631\u0642\u062f\u0627\u0631\u0645\u0631\u062c\u0639 \u0633\u0627\u0628\u0642. \u062f\u0643\u062a\u0648\u0631. \u0627\u062d\u0633\u0627\u0646...<\/p>\r\n                                                <a href=\"https:\/\/estetikvevaris.com\/ar\/stories\/%d9%85%d8%b1%d8%ac%d8%b9-%d8%b3%d8%a7%d8%a8%d9%82-%d8%af%d9%83%d8%aa%d9%88%d8%b1-%d8%a7%d8%ad%d8%b3%d8%a7%d9%86-%d8%a8%d9%8a%d8%b1%d9%82%d8%af%d8%a7%d8%b1\/\" class=\"more_btn2\">\u0130ncele <i class=\"fal fa-long-arrow-right\"><\/i><\/a>\r\n                                            <\/div>\r\n\r\n                <\/div>\r\n\r\n            <\/div>\r\n\r\n             \r\n            <div class=\"col-xl-3 col-lg-4 col-md-6\">\r\n\r\n                <div class=\"project mb-30\">\r\n\r\n                    <div class=\"project__img\">\r\n                    \t<a href=\"https:\/\/estetikvevaris.com\/ar\/stories\/%d9%85%d8%aa%d8%ae%d8%b5%d8%b5-%d8%af%d9%83%d8%aa%d9%88%d8%b1-%d8%a8%d9%84%d8%a7%d9%84-%d8%a8%d9%88%d9%84%d9%88%d8%aa\/\">\r\n                        <img decoding=\"async\" src=\"https:\/\/estetikvevaris.com\/wp-content\/uploads\/2021\/04\/bilalbulut2.png\" alt=\"\">\r\n                    \t<\/a>\r\n                    <\/div>\r\n\r\n                    <div class=\"project__text__front white-bg\">\r\n\r\n                        <h6><a class=\"project-title\" href=\"https:\/\/estetikvevaris.com\/ar\/stories\/%d9%85%d8%aa%d8%ae%d8%b5%d8%b5-%d8%af%d9%83%d8%aa%d9%88%d8%b1-%d8%a8%d9%84%d8%a7%d9%84-%d8%a8%d9%88%d9%84%d9%88%d8%aa\/\">\u0645\u062a\u062e\u0635\u0635 \u062f\u0643\u062a\u0648\u0631. \u0628\u0644\u0627\u0644 \u0628\u0648\u0644\u0648\u062a<\/a><\/h6>\r\n\r\n                    <\/div>\r\n\r\n                    <div class=\"project__text__back white-bg\">\r\n\r\n                        <h6><a class=\"project-title\" href=\"https:\/\/estetikvevaris.com\/ar\/stories\/%d9%85%d8%aa%d8%ae%d8%b5%d8%b5-%d8%af%d9%83%d8%aa%d9%88%d8%b1-%d8%a8%d9%84%d8%a7%d9%84-%d8%a8%d9%88%d9%84%d9%88%d8%aa\/\">\u0645\u062a\u062e\u0635\u0635 \u062f\u0643\u062a\u0648\u0631. \u0628\u0644\u0627\u0644 \u0628\u0648\u0644\u0648\u062a<\/a><\/h6>\r\n\r\n                        <p class=\"mb-10\">                                    \u0645\u062a\u062e\u0635\u0635 \u062f\u0643\u062a\u0648\u0631. \u0628\u0644\u0627\u0644 \u0628\u0648\u0644\u0648\u062a\u0633\u064a\u0631\u0629 \u0630\u0627\u062a\u064a\u0629\u0627\u0644\u0627\u0633\u0645 \u0648\u0627\u0644\u0644\u0642\u0628: \u0628\u0644\u0627\u0644 \u0628\u0648\u0644\u0648\u062a\u062a\u0627\u0631\u064a\u062e...<\/p>\r\n                                                <a href=\"https:\/\/estetikvevaris.com\/ar\/stories\/%d9%85%d8%aa%d8%ae%d8%b5%d8%b5-%d8%af%d9%83%d8%aa%d9%88%d8%b1-%d8%a8%d9%84%d8%a7%d9%84-%d8%a8%d9%88%d9%84%d9%88%d8%aa\/\" class=\"more_btn2\">\u0130ncele <i class=\"fal fa-long-arrow-right\"><\/i><\/a>\r\n                                            <\/div>\r\n\r\n                <\/div>\r\n\r\n            <\/div>\r\n\r\n             \r\n            <div class=\"col-xl-3 col-lg-4 col-md-6\">\r\n\r\n                <div class=\"project mb-30\">\r\n\r\n                    <div class=\"project__img\">\r\n                    \t<a href=\"https:\/\/estetikvevaris.com\/ar\/stories\/%d9%85%d8%b1%d8%ac%d8%b9-%d8%b3%d8%a7%d8%a8%d9%82-%d8%af%d9%83%d8%aa%d9%88%d8%b1-%d8%ac%d9%8a%d8%b2%d9%85-%d8%aa%d8%b1%d9%83\/\">\r\n                        <img decoding=\"async\" src=\"https:\/\/estetikvevaris.com\/wp-content\/uploads\/2025\/08\/Gizem-Turk-Kapak.png\" alt=\"\">\r\n                    \t<\/a>\r\n                    <\/div>\r\n\r\n                    <div class=\"project__text__front white-bg\">\r\n\r\n                        <h6><a class=\"project-title\" href=\"https:\/\/estetikvevaris.com\/ar\/stories\/%d9%85%d8%b1%d8%ac%d8%b9-%d8%b3%d8%a7%d8%a8%d9%82-%d8%af%d9%83%d8%aa%d9%88%d8%b1-%d8%ac%d9%8a%d8%b2%d9%85-%d8%aa%d8%b1%d9%83\/\">\u0645\u0631\u062c\u0639 \u0633\u0627\u0628\u0642. \u062f\u0643\u062a\u0648\u0631. \u062c\u064a\u0632\u0645 \u062a\u0631\u0643<\/a><\/h6>\r\n\r\n                    <\/div>\r\n\r\n                    <div class=\"project__text__back white-bg\">\r\n\r\n                        <h6><a class=\"project-title\" href=\"https:\/\/estetikvevaris.com\/ar\/stories\/%d9%85%d8%b1%d8%ac%d8%b9-%d8%b3%d8%a7%d8%a8%d9%82-%d8%af%d9%83%d8%aa%d9%88%d8%b1-%d8%ac%d9%8a%d8%b2%d9%85-%d8%aa%d8%b1%d9%83\/\">\u0645\u0631\u062c\u0639 \u0633\u0627\u0628\u0642. \u062f\u0643\u062a\u0648\u0631. \u062c\u064a\u0632\u0645 \u062a\u0631\u0643<\/a><\/h6>\r\n\r\n                        <p class=\"mb-10\">                                    \u0648\u0644\u062f \u0641\u064a 5 \u064a\u0648\u0644\u064a\u0648 1991 \u0641\u064a \u0623\u0646\u0642\u0631\u0629\u0623\u0643\u0645\u0644 \u062a\u0639\u0644\u064a\u0645\u0647...<\/p>\r\n                                                <a href=\"https:\/\/estetikvevaris.com\/ar\/stories\/%d9%85%d8%b1%d8%ac%d8%b9-%d8%b3%d8%a7%d8%a8%d9%82-%d8%af%d9%83%d8%aa%d9%88%d8%b1-%d8%ac%d9%8a%d8%b2%d9%85-%d8%aa%d8%b1%d9%83\/\" class=\"more_btn2\">\u0130ncele <i class=\"fal fa-long-arrow-right\"><\/i><\/a>\r\n                                            <\/div>\r\n\r\n                <\/div>\r\n\r\n            <\/div>\r\n\r\n            \r\n        <\/div>\r\n\r\n    <\/div>\r\n\r\n<\/section>\r\n\t\t\t<\/div>\n\t\t\t\t<\/div>\n\t\t\t\t\t<\/div>\n\t\t<\/div>\n\t\t\t\t\t<\/div>\n\t\t<\/section>\n\t\t\t\t<section class=\"elementor-section elementor-top-section elementor-element elementor-element-c41123e elementor-section-full_width elementor-section-height-default elementor-section-height-default\" data-id=\"c41123e\" data-element_type=\"section\">\n\t\t\t\t\t\t<div class=\"elementor-container elementor-column-gap-no\">\n\t\t\t\t\t<div class=\"elementor-column elementor-col-100 elementor-top-column elementor-element elementor-element-737f2a0\" data-id=\"737f2a0\" data-element_type=\"column\">\n\t\t\t<div class=\"elementor-widget-wrap\">\n\t\t\t\t\t\t\t<\/div>\n\t\t<\/div>\n\t\t\t\t\t<\/div>\n\t\t<\/section>\n\t\t\t\t<section class=\"elementor-section elementor-top-section elementor-element elementor-element-10187af elementor-section-full_width elementor-section-height-default elementor-section-height-default\" data-id=\"10187af\" data-element_type=\"section\">\n\t\t\t\t\t\t<div class=\"elementor-container elementor-column-gap-no\">\n\t\t\t\t\t<div class=\"elementor-column elementor-col-100 elementor-top-column elementor-element elementor-element-4d37693\" data-id=\"4d37693\" data-element_type=\"column\">\n\t\t\t<div class=\"elementor-widget-wrap elementor-element-populated\">\n\t\t\t\t\t\t<div class=\"elementor-element elementor-element-aa8de8e elementor-align-left elementor-widget elementor-widget-bdevs-why-choose-us\" data-id=\"aa8de8e\" data-element_type=\"widget\" data-widget_type=\"bdevs-why-choose-us.default\">\n\t\t\t\t<div class=\"elementor-widget-container\">\n\t\t\t  \n<section class=\"chose-us-area pt-130\">\n\n    <div class=\"video-area video-area2\" style=\"background-image: url(http:\/\/estetikvevaris.com\/wp-content\/uploads\/2023\/11\/varis-tedavi.png);\">\n    \t    <\/div>\n\n    <div class=\"container pl-0 pr-0\">\n\n        <div class=\"row no-gutters\">\n\n            <div class=\"col-xl-6 offset-xl-6 col-lg-12\">\n\n                <div class=\"chose-wrapper2 pl-80 pr-30 pb-80\">\n\n                    <div class=\"section-title text-left mb-35\">\n                    \t                        <h6 class=\"mb-20\"><i class=\"far fa-plus\"><\/i> \u062d\u0633\u0627\u0628\u0627\u062a\u0646\u0627 \u0639\u0644\u0649 \u0648\u0633\u0627\u0626\u0644 \u0627\u0644\u062a\u0648\u0627\u0635\u0644 \u0627\u0644\u0627\u062c\u062a\u0645\u0627\u0639\u064a<\/h6>\n                                                                        <h2>\u0648\u0633\u0627\u0626\u0644 \u0627\u0644\u062a\u0648\u0627\u0635\u0644 \u0627\u0644\u0627\u062c\u062a\u0645\u0627\u0639\u064a<\/h2>\n                                            <\/div>\n                                        <div class=\"chose-box d-sm-flex mb-30\">\n                    \t                        <div class=\"chose-icon mr-35\">\n\n                            <i class=\"fab fa-instagram\"><\/i>\n\n                        <\/div>\n                                                <div class=\"chose-content\">\n                        \t                            <h5 class=\"semi-title\"><a href=\"https:\/\/www.instagram.com\/uzm.dr.ulasguvenc\/\" target=\"_blank\" rel=\"noopener\">\u0645\u062a\u062e\u0635\u0635 \u062f\u0643\u062a\u0648\u0631 \u0623\u0648\u0644\u0627\u0634 \u062c\u0648\u0641\u064a\u0646\u062a\u0634<\/a><\/h5>\n                                                                                    <p><a href=\"https:\/\/www.instagram.com\/uzm.dr.ulasguvenc\/\" target=\"_blank\" rel=\"noopener\">\u0645\u0631\u0627\u062c\u0639\u0629 \u0627\u0644\u0627\u0646\u0633\u062a\u063a\u0631\u0627\u0645<\/a><\/p>\n                                                    <\/div>\n\n                    <\/div>\n                                        <div class=\"chose-box d-sm-flex mb-30\">\n                    \t                        <div class=\"chose-icon mr-35\">\n\n                            <i class=\"fab fa-instagram\"><\/i>\n\n                        <\/div>\n                                                <div class=\"chose-content\">\n                        \t                            <h5 class=\"semi-title\"><a href=\"https:\/\/www.instagram.com\/dr.ihsanbayraktar\/\" target=\"_blank\" rel=\"noopener\">\u0645\u0631\u062c\u0639 \u0633\u0627\u0628\u0642. \u062f\u0643\u062a\u0648\u0631. \u0627\u062d\u0633\u0627\u0646 \u0628\u064a\u0631\u0642\u062f\u0627\u0631<\/a><\/h5>\n                                                                                    <p><a href=\"https:\/\/www.instagram.com\/dr.ihsanbayraktar\/\" target=\"_blank\" rel=\"noopener\">\u0645\u0631\u0627\u062c\u0639\u0629 \u0627\u0644\u0627\u0646\u0633\u062a\u063a\u0631\u0627\u0645<\/a><\/p>\n                                                    <\/div>\n\n                    <\/div>\n                                        <div class=\"chose-box d-sm-flex mb-30\">\n                    \t                        <div class=\"chose-icon mr-35\">\n\n                            <i class=\"fab fa-instagram\"><\/i>\n\n                        <\/div>\n                                                <div class=\"chose-content\">\n                        \t                            <h5 class=\"semi-title\"><a href=\"https:\/\/www.instagram.com\/uzm.dr.bilalbulut\/\" target=\"_blank\" rel=\"noopener\">\u0645\u062a\u062e\u0635\u0635 \u062f\u0643\u062a\u0648\u0631. \u0628\u0644\u0627\u0644 \u0628\u0648\u0644\u0648\u062a<\/a><\/h5>\n                                                                                    <p><a href=\"https:\/\/www.instagram.com\/uzm.dr.bilalbulut\/\" target=\"_blank\" rel=\"noopener\">\u0645\u0631\u0627\u062c\u0639\u0629 \u0627\u0644\u0627\u0646\u0633\u062a\u063a\u0631\u0627\u0645<\/a><\/p>\n                                                    <\/div>\n\n                    <\/div>\n                                        <div class=\"chose-box d-sm-flex mb-30\">\n                    \t                        <div class=\"chose-icon mr-35\">\n\n                            <i class=\"fab fa-instagram\"><\/i>\n\n                        <\/div>\n                                                <div class=\"chose-content\">\n                        \t                            <h5 class=\"semi-title\"><a href=\"https:\/\/www.instagram.com\/opdrgizemturk\/\" target=\"_blank\" rel=\"noopener\">\u0645\u0631\u062c\u0639 \u0633\u0627\u0628\u0642. \u062f\u0643\u062a\u0648\u0631. \u062c\u064a\u0632\u0645 \u062a\u0631\u0643<\/a><\/h5>\n                                                                                    <p><a href=\"https:\/\/www.instagram.com\/opdrgizemturk\/\" target=\"_blank\" rel=\"noopener\">\u0645\u0631\u0627\u062c\u0639\u0629 \u0627\u0644\u0627\u0646\u0633\u062a\u063a\u0631\u0627\u0645<\/a><\/p>\n                                                    <\/div>\n\n                    <\/div>\n                                        <div class=\"chose-box d-sm-flex mb-30\">\n                    \t                        <div class=\"chose-icon mr-35\">\n\n                            <i class=\"fab fa-instagram\"><\/i>\n\n                        <\/div>\n                                                <div class=\"chose-content\">\n                        \t                            <h5 class=\"semi-title\"><a href=\"https:\/\/www.instagram.com\/estetikvevaris\/\" target=\"_blank\" rel=\"noopener\">\u0627\u0644\u062a\u062c\u0645\u064a\u0644 \u0648\u0627\u0644\u062f\u0648\u0627\u0644\u064a<\/a><\/h5>\n                                                                                    <p><a href=\"https:\/\/www.instagram.com\/estetikvevaris\/\" target=\"_blank\" rel=\"noopener\">\u0645\u0631\u0627\u062c\u0639\u0629 \u0627\u0644\u0627\u0646\u0633\u062a\u063a\u0631\u0627\u0645<\/a><\/p>\n                                                    <\/div>\n\n                    <\/div>\n                                        \n\n                <\/div>\n\n            <\/div>\n\n        <\/div>\n\n    <\/div>\n\n<\/section>\n\t\t\t<\/div>\n\t\t\t\t<\/div>\n\t\t\t\t<div class=\"elementor-element elementor-element-2fc353e elementor-widget elementor-widget-spacer\" data-id=\"2fc353e\" data-element_type=\"widget\" data-widget_type=\"spacer.default\">\n\t\t\t\t<div class=\"elementor-widget-container\">\n\t\t\t\t\t<div class=\"elementor-spacer\">\n\t\t\t<div class=\"elementor-spacer-inner\"><\/div>\n\t\t<\/div>\n\t\t\t\t<\/div>\n\t\t\t\t<\/div>\n\t\t\t\t\t<\/div>\n\t\t<\/div>\n\t\t\t\t\t<\/div>\n\t\t<\/section>\n\t\t\t\t<\/div>\n\t\t","protected":false},"excerpt":{"rendered":"<p>\u062e\u0628\u0631\u0627\u0626\u0646\u0627 \u0645\u0648\u0638\u0641\u064a\u0646\u0627 \u062d\u0648\u0644 \u062e\u0628\u0631\u0627\u0626\u0646\u0627 Uzm. Dr. Ula\u015f G\u00fcven\u00e7 Uzm. Dr. Ula\u015f G\u00fcven\u00e7 Uzm. Dr. Ula\u015f G\u00fcven\u00e7ADI SOYADI: Ulas G\u00fcven\u00e7 DO\u011eUM&#8230; \u0130ncele Op. Dr. \u0130hsan Bayraktar Op. Dr. \u0130hsan Bayraktar Op. Dr. \u0130hsan BayraktarOp. Dr. \u0130hsan Bayraktar1978 Antakya&#8230; \u0130ncele Uzm. Dr. Bilal Bulut Uzm. Dr. Bilal Bulut Uzm. Dr. Bilal Bulut\u00d6ZGE\u00c7M\u0130\u015eAd\u0131 Soyad\u0131:Bilal BulutDo\u011fum Tarihi ve&#8230; \u0130ncele [&hellip;]<\/p>\n","protected":false},"author":1,"featured_media":0,"parent":0,"menu_order":0,"comment_status":"closed","ping_status":"closed","template":"page-templates\/home-page-1.php","meta":{"rank_math_lock_modified_date":false,"footnotes":""},"class_list":["post-3932","page","type-page","status-publish","hentry"],"_links":{"self":[{"href":"https:\/\/estetikvevaris.com\/ar\/wp-json\/wp\/v2\/pages\/3932","targetHints":{"allow":["GET"]}}],"collection":[{"href":"https:\/\/estetikvevaris.com\/ar\/wp-json\/wp\/v2\/pages"}],"about":[{"href":"https:\/\/estetikvevaris.com\/ar\/wp-json\/wp\/v2\/types\/page"}],"author":[{"embeddable":true,"href":"https:\/\/estetikvevaris.com\/ar\/wp-json\/wp\/v2\/users\/1"}],"replies":[{"embeddable":true,"href":"https:\/\/estetikvevaris.com\/ar\/wp-json\/wp\/v2\/comments?post=3932"}],"version-history":[{"count":13,"href":"https:\/\/estetikvevaris.com\/ar\/wp-json\/wp\/v2\/pages\/3932\/revisions"}],"predecessor-version":[{"id":4370,"href":"https:\/\/estetikvevaris.com\/ar\/wp-json\/wp\/v2\/pages\/3932\/revisions\/4370"}],"wp:attachment":[{"href":"https:\/\/estetikvevaris.com\/ar\/wp-json\/wp\/v2\/media?parent=3932"}],"curies":[{"name":"wp","href":"https:\/\/api.w.org\/{rel}","templated":true}]}}