{"id":2981,"date":"2021-04-08T08:56:32","date_gmt":"2021-04-08T05:56:32","guid":{"rendered":"http:\/\/estetikvevaris.com\/kurumsal\/"},"modified":"2025-08-28T12:00:28","modified_gmt":"2025-08-28T09:00:28","slug":"unsere-experten","status":"publish","type":"page","link":"https:\/\/estetikvevaris.com\/de\/unsere-experten\/","title":{"rendered":"Unsere Experten"},"content":{"rendered":"\t\t<div data-elementor-type=\"wp-page\" data-elementor-id=\"2981\" class=\"elementor elementor-2981 elementor-88\" data-elementor-post-type=\"page\">\n\t\t\t\t\t\t<section class=\"elementor-section elementor-top-section elementor-element elementor-element-f2be8f7 elementor-section-full_width elementor-section-height-default elementor-section-height-default\" data-id=\"f2be8f7\" data-element_type=\"section\">\n\t\t\t\t\t\t<div class=\"elementor-container elementor-column-gap-no\">\n\t\t\t\t\t<div class=\"elementor-column elementor-col-100 elementor-top-column elementor-element elementor-element-462012e\" data-id=\"462012e\" data-element_type=\"column\">\n\t\t\t<div class=\"elementor-widget-wrap elementor-element-populated\">\n\t\t\t\t\t\t<div class=\"elementor-element elementor-element-2508712 elementor-align-center elementor-widget elementor-widget-bdevs-banner-other\" data-id=\"2508712\" data-element_type=\"widget\" data-widget_type=\"bdevs-banner-other.default\">\n\t\t\t\t<div class=\"elementor-widget-container\">\n\t\t\t  \n<section class=\"page-title-area\" style=\"background-image: url(http:\/\/estetikvevaris.com\/wp-content\/uploads\/2023\/11\/header-1.png);\">\n\n    <div class=\"container\">\n\n        <div class=\"row align-items-center\">\n\n            <div class=\"col-xl-5\">\n\n                <div class=\"page-title-wrapper\">\n\n                    <div class=\"page-title-inner\">\n\n                        <div class=\"page-title-inner-content theme-bg\">\n                        \t                            <div class=\"page-title\">\n\n                                <h1 class=\"main-page-title\">Unsere Experten<\/h1>\n\n                            <\/div>\n                            \n                        <\/div>\n\n                    <\/div>\n\n                <\/div>\n\n            <\/div>\n\n        <\/div>\n\n    <\/div>\n\n<\/section>\n\t\t\t<\/div>\n\t\t\t\t<\/div>\n\t\t\t\t\t<\/div>\n\t\t<\/div>\n\t\t\t\t\t<\/div>\n\t\t<\/section>\n\t\t\t\t<section class=\"elementor-section elementor-top-section elementor-element elementor-element-fa4cd8e elementor-section-full_width elementor-section-height-default elementor-section-height-default\" data-id=\"fa4cd8e\" data-element_type=\"section\">\n\t\t\t\t\t\t<div class=\"elementor-container elementor-column-gap-no\">\n\t\t\t\t\t<div class=\"elementor-column elementor-col-100 elementor-top-column elementor-element elementor-element-ce0d3ee\" data-id=\"ce0d3ee\" data-element_type=\"column\">\n\t\t\t<div class=\"elementor-widget-wrap elementor-element-populated\">\n\t\t\t\t\t\t<div class=\"elementor-element elementor-element-b3d08fc elementor-widget elementor-widget-spacer\" data-id=\"b3d08fc\" data-element_type=\"widget\" data-widget_type=\"spacer.default\">\n\t\t\t\t<div class=\"elementor-widget-container\">\n\t\t\t<style>\/*! elementor - v3.23.0 - 05-08-2024 *\/\n.elementor-column .elementor-spacer-inner{height:var(--spacer-size)}.e-con{--container-widget-width:100%}.e-con-inner>.elementor-widget-spacer,.e-con>.elementor-widget-spacer{width:var(--container-widget-width,var(--spacer-size));--align-self:var(--container-widget-align-self,initial);--flex-shrink:0}.e-con-inner>.elementor-widget-spacer>.elementor-widget-container,.e-con>.elementor-widget-spacer>.elementor-widget-container{height:100%;width:100%}.e-con-inner>.elementor-widget-spacer>.elementor-widget-container>.elementor-spacer,.e-con>.elementor-widget-spacer>.elementor-widget-container>.elementor-spacer{height:100%}.e-con-inner>.elementor-widget-spacer>.elementor-widget-container>.elementor-spacer>.elementor-spacer-inner,.e-con>.elementor-widget-spacer>.elementor-widget-container>.elementor-spacer>.elementor-spacer-inner{height:var(--container-widget-height,var(--spacer-size))}.e-con-inner>.elementor-widget-spacer.elementor-widget-empty,.e-con>.elementor-widget-spacer.elementor-widget-empty{position:relative;min-height:22px;min-width:22px}.e-con-inner>.elementor-widget-spacer.elementor-widget-empty .elementor-widget-empty-icon,.e-con>.elementor-widget-spacer.elementor-widget-empty .elementor-widget-empty-icon{position:absolute;top:0;bottom:0;left:0;right:0;margin:auto;padding:0;width:22px;height:22px}<\/style>\t\t<div class=\"elementor-spacer\">\n\t\t\t<div class=\"elementor-spacer-inner\"><\/div>\n\t\t<\/div>\n\t\t\t\t<\/div>\n\t\t\t\t<\/div>\n\t\t\t\t<div class=\"elementor-element elementor-element-483809b elementor-align-left elementor-widget elementor-widget-bdevs-Projects\" data-id=\"483809b\" data-element_type=\"widget\" data-widget_type=\"bdevs-Projects.default\">\n\t\t\t\t<div class=\"elementor-widget-container\">\n\t\t\t  \r\n<section class=\"latest-project-area pb-100\">\r\n\r\n    <div class=\"container\">\r\n\r\n        <div class=\"row\">\r\n\r\n            <div class=\"col-xl-8 offset-xl-2\">\r\n\r\n                <div class=\"section-title text-center mb-75\">\r\n                \t                    <h6 class=\"mb-20\"><i class=\"far fa-plus\"><\/i> Unsere Mitarbeiter<i class=\"far fa-plus\"><\/i><\/h6>\r\n                                                            <h2>\u00dcber unsere Experten<\/h2>\r\n                    \r\n                <\/div>\r\n\r\n            <\/div>\r\n\r\n        <\/div>\r\n\r\n        <div class=\"row\">\r\n        \t \r\n            <div class=\"col-xl-3 col-lg-4 col-md-6\">\r\n\r\n                <div class=\"project mb-30\">\r\n\r\n                    <div class=\"project__img\">\r\n                    \t<a href=\"https:\/\/estetikvevaris.com\/de\/stories\/ulas-guvenc\/\">\r\n                        <img decoding=\"async\" src=\"https:\/\/estetikvevaris.com\/wp-content\/uploads\/2021\/04\/Ulas-Guvenc-Anasayfa.png\" alt=\"\">\r\n                    \t<\/a>\r\n                    <\/div>\r\n\r\n                    <div class=\"project__text__front white-bg\">\r\n\r\n                        <h6><a class=\"project-title\" href=\"https:\/\/estetikvevaris.com\/de\/stories\/ulas-guvenc\/\">Spezialist Dr. Ula\u015f G\u00fcven\u00e7<\/a><\/h6>\r\n\r\n                    <\/div>\r\n\r\n                    <div class=\"project__text__back white-bg\">\r\n\r\n                        <h6><a class=\"project-title\" href=\"https:\/\/estetikvevaris.com\/de\/stories\/ulas-guvenc\/\">Spezialist Dr. Ula\u015f G\u00fcven\u00e7<\/a><\/h6>\r\n\r\n                        <p class=\"mb-10\">                                    Spezialist Dr. Ula\u015f G\u00fcven\u00e7VORNAME NACHNAME: Ulas G\u00fcven\u00e7GEBURTSDATUM: 01.07.1979E-MAIL-ADRESSE:...<\/p>\r\n                                                <a href=\"https:\/\/estetikvevaris.com\/de\/stories\/ulas-guvenc\/\" class=\"more_btn2\">Rezension <i class=\"fal fa-long-arrow-right\"><\/i><\/a>\r\n                                            <\/div>\r\n\r\n                <\/div>\r\n\r\n            <\/div>\r\n\r\n             \r\n            <div class=\"col-xl-3 col-lg-4 col-md-6\">\r\n\r\n                <div class=\"project mb-30\">\r\n\r\n                    <div class=\"project__img\">\r\n                    \t<a href=\"https:\/\/estetikvevaris.com\/de\/stories\/ihsan-bayraktar\/\">\r\n                        <img decoding=\"async\" src=\"https:\/\/estetikvevaris.com\/wp-content\/uploads\/2021\/04\/Ihsan-Bayraktar.png\" alt=\"\">\r\n                    \t<\/a>\r\n                    <\/div>\r\n\r\n                    <div class=\"project__text__front white-bg\">\r\n\r\n                        <h6><a class=\"project-title\" href=\"https:\/\/estetikvevaris.com\/de\/stories\/ihsan-bayraktar\/\">Op. Dr. \u0130hsan Bayraktar<\/a><\/h6>\r\n\r\n                    <\/div>\r\n\r\n                    <div class=\"project__text__back white-bg\">\r\n\r\n                        <h6><a class=\"project-title\" href=\"https:\/\/estetikvevaris.com\/de\/stories\/ihsan-bayraktar\/\">Op. Dr. \u0130hsan Bayraktar<\/a><\/h6>\r\n\r\n                        <p class=\"mb-10\">                                    Op. Dr. \u0130hsan BayraktarOp. Dr. \u0130hsan BayraktarEr wurde...<\/p>\r\n                                                <a href=\"https:\/\/estetikvevaris.com\/de\/stories\/ihsan-bayraktar\/\" class=\"more_btn2\">Rezension <i class=\"fal fa-long-arrow-right\"><\/i><\/a>\r\n                                            <\/div>\r\n\r\n                <\/div>\r\n\r\n            <\/div>\r\n\r\n             \r\n            <div class=\"col-xl-3 col-lg-4 col-md-6\">\r\n\r\n                <div class=\"project mb-30\">\r\n\r\n                    <div class=\"project__img\">\r\n                    \t<a href=\"https:\/\/estetikvevaris.com\/de\/stories\/bilal-bulut-2-2\/\">\r\n                        <img decoding=\"async\" src=\"https:\/\/estetikvevaris.com\/wp-content\/uploads\/2021\/04\/bilalbulut2.png\" alt=\"\">\r\n                    \t<\/a>\r\n                    <\/div>\r\n\r\n                    <div class=\"project__text__front white-bg\">\r\n\r\n                        <h6><a class=\"project-title\" href=\"https:\/\/estetikvevaris.com\/de\/stories\/bilal-bulut-2-2\/\">Spezialist Dr. Bilal Bulut<\/a><\/h6>\r\n\r\n                    <\/div>\r\n\r\n                    <div class=\"project__text__back white-bg\">\r\n\r\n                        <h6><a class=\"project-title\" href=\"https:\/\/estetikvevaris.com\/de\/stories\/bilal-bulut-2-2\/\">Spezialist Dr. Bilal Bulut<\/a><\/h6>\r\n\r\n                        <p class=\"mb-10\">                                    Spezialist Dr. Bilal BulutWIEDER AUFNEHMENVor- und Nachname: Bilal...<\/p>\r\n                                                <a href=\"https:\/\/estetikvevaris.com\/de\/stories\/bilal-bulut-2-2\/\" class=\"more_btn2\">Rezension <i class=\"fal fa-long-arrow-right\"><\/i><\/a>\r\n                                            <\/div>\r\n\r\n                <\/div>\r\n\r\n            <\/div>\r\n\r\n             \r\n            <div class=\"col-xl-3 col-lg-4 col-md-6\">\r\n\r\n                <div class=\"project mb-30\">\r\n\r\n                    <div class=\"project__img\">\r\n                    \t<a href=\"https:\/\/estetikvevaris.com\/de\/stories\/op-dr-gizem-turk\/\">\r\n                        <img decoding=\"async\" src=\"https:\/\/estetikvevaris.com\/wp-content\/uploads\/2025\/08\/Gizem-Turk-Kapak.png\" alt=\"\">\r\n                    \t<\/a>\r\n                    <\/div>\r\n\r\n                    <div class=\"project__text__front white-bg\">\r\n\r\n                        <h6><a class=\"project-title\" href=\"https:\/\/estetikvevaris.com\/de\/stories\/op-dr-gizem-turk\/\">Op. Dr. Gizem Turk<\/a><\/h6>\r\n\r\n                    <\/div>\r\n\r\n                    <div class=\"project__text__back white-bg\">\r\n\r\n                        <h6><a class=\"project-title\" href=\"https:\/\/estetikvevaris.com\/de\/stories\/op-dr-gizem-turk\/\">Op. Dr. Gizem Turk<\/a><\/h6>\r\n\r\n                        <p class=\"mb-10\">                                    Geboren am 5. Juli 1991 in AnkaraEr schloss...<\/p>\r\n                                                <a href=\"https:\/\/estetikvevaris.com\/de\/stories\/op-dr-gizem-turk\/\" class=\"more_btn2\">Rezension <i class=\"fal fa-long-arrow-right\"><\/i><\/a>\r\n                                            <\/div>\r\n\r\n                <\/div>\r\n\r\n            <\/div>\r\n\r\n            \r\n        <\/div>\r\n\r\n    <\/div>\r\n\r\n<\/section>\r\n\t\t\t<\/div>\n\t\t\t\t<\/div>\n\t\t\t\t\t<\/div>\n\t\t<\/div>\n\t\t\t\t\t<\/div>\n\t\t<\/section>\n\t\t\t\t<section class=\"elementor-section elementor-top-section elementor-element elementor-element-c41123e elementor-section-full_width elementor-section-height-default elementor-section-height-default\" data-id=\"c41123e\" data-element_type=\"section\">\n\t\t\t\t\t\t<div class=\"elementor-container elementor-column-gap-no\">\n\t\t\t\t\t<div class=\"elementor-column elementor-col-100 elementor-top-column elementor-element elementor-element-737f2a0\" data-id=\"737f2a0\" data-element_type=\"column\">\n\t\t\t<div class=\"elementor-widget-wrap elementor-element-populated\">\n\t\t\t\t\t\t<div class=\"elementor-element elementor-element-9eb6fec elementor-align-left elementor-widget elementor-widget-bdevs-testimonial\" data-id=\"9eb6fec\" data-element_type=\"widget\" data-widget_type=\"bdevs-testimonial.default\">\n\t\t\t\t<div class=\"elementor-widget-container\">\n\t\t\t \n<section class=\"testimonial-area\" >\n\n    <div class=\"container-fluid pl-0 pr-0\">\n\n        <div class=\"row no-gutters\">\n\n            <div class=\"col-xl-6\">\n\n                <div class=\"testimonial-wrapper testimonial-wrapper-01\">\n\n                    <div class=\"testimonial-active\">\n\n                    \t                        <div class=\"testimonial-item white-bg\">\n\n                            <div class=\"section-title text-left mb-50\">\n                            \t                                <h6 class=\"mb-20\"><i class=\"far fa-plus\"><\/i> Kommentare <i class=\"far fa-plus\"><\/i><\/h6>\n                                                                                                <h2>Kommentare von Ihnen<\/h2>\n                                                            <\/div>\n                                                        <h5 class=\"semi-title mb-40\">Dank Ula\u015f G\u00fcven\u00e7 wurden mein Wunder und meine Tr\u00e4ume wahr. Dank meiner dunklen Ringe und Gr\u00fcbchen unter meinen Augen sah ich viel \u00e4lter und m\u00fcde aus, als ich war. Es hei\u00dft, dass ich mit der richtigen Diagnose und Behandlung durch meinen Lehrer Ula\u015f 10 Jahre \u00e4lter geworden bin. Danke, Ula\u015f-Lehrer.<\/h5>\n                                                        <div class=\"testimonial-author d-flex align-items-center\">\n                            \t                                <div class=\"author-img mr-20\">\n\n                                    <img decoding=\"async\" src=\"http:\/\/estetikvevaris.com\/wp-content\/uploads\/2023\/11\/log.png\" alt=\"\">\n\n                                <\/div>\n                                                                <div class=\"author-content\">\n                                \t                                    <h5 class=\"semi-title\">M\u0131sra Y\u0131lmaz<\/h5>\n                                                                                                            <span class=\"desig\">Mersin<\/span>\n                                                                    <\/div>\n\n                            <\/div>\n\n                        <\/div>\n\n                                                <div class=\"testimonial-item white-bg\">\n\n                            <div class=\"section-title text-left mb-50\">\n                            \t                                <h6 class=\"mb-20\"><i class=\"far fa-plus\"><\/i> Kommentare <i class=\"far fa-plus\"><\/i><\/h6>\n                                                                                                <h2>Kommentare von Ihnen<\/h2>\n                                                            <\/div>\n                                                        <h5 class=\"semi-title mb-40\">Ich habe gerade Dr. \u0130hsan kennengelernt, ich habe von vielen Leuten von ihm geh\u00f6rt und mich f\u00fcr die Behandlung meiner Krampfadern entschieden. Er ist sehr freundlich und kommuniziert sehr gut. Ich war sehr zufrieden mit seinen ausf\u00fchrlichen Erkl\u00e4rungen und der von ihm angewandten Behandlungsmethode. Er ist ein erfolgreicher Arzt, den ich vielen meiner Freunde empfehlen kann. Ich danke ihm f\u00fcr sein Interesse und seine F\u00fcrsorge.<\/h5>\n                                                        <div class=\"testimonial-author d-flex align-items-center\">\n                            \t                                <div class=\"author-img mr-20\">\n\n                                    <img decoding=\"async\" src=\"http:\/\/estetikvevaris.com\/wp-content\/uploads\/2023\/11\/log.png\" alt=\"\">\n\n                                <\/div>\n                                                                <div class=\"author-content\">\n                                \t                                    <h5 class=\"semi-title\">Seda Y\u0131lmaz<\/h5>\n                                                                                                            <span class=\"desig\">Adana<\/span>\n                                                                    <\/div>\n\n                            <\/div>\n\n                        <\/div>\n\n                                                <div class=\"testimonial-item white-bg\">\n\n                            <div class=\"section-title text-left mb-50\">\n                            \t                                <h6 class=\"mb-20\"><i class=\"far fa-plus\"><\/i> Kommentare <i class=\"far fa-plus\"><\/i><\/h6>\n                                                                                                <h2>Kommentare von Ihnen<\/h2>\n                                                            <\/div>\n                                                        <h5 class=\"semi-title mb-40\">Obwohl ich kein Heilmittel f\u00fcr meine Akne und meine Hautunreinheiten finden konnte, die ich schon lange nicht mehr heilen konnte, l\u00f6ste die Behandlung von Doktor Bilal Bey alle meine Beschwerden. Er war sehr an meinem Berufungsverfahren interessiert. Vielen Dank.<\/h5>\n                                                        <div class=\"testimonial-author d-flex align-items-center\">\n                            \t                                <div class=\"author-img mr-20\">\n\n                                    <img decoding=\"async\" src=\"http:\/\/estetikvevaris.com\/wp-content\/uploads\/2023\/11\/log.png\" alt=\"\">\n\n                                <\/div>\n                                                                <div class=\"author-content\">\n                                \t                                    <h5 class=\"semi-title\">Ertu\u011frul Yi\u011fit<\/h5>\n                                                                                                            <span class=\"desig\">Mersin<\/span>\n                                                                    <\/div>\n\n                            <\/div>\n\n                        <\/div>\n\n                        \n                    <\/div>\n\n                <\/div>\n\n            <\/div>\n\n        <\/div>\n\n    <\/div>\n    <style>\n    \t.testimonial-area::before {\n\t\t    content: \"\";\n\t\t    position: absolute;\n\t\t    background: url(http:\/\/estetikvevaris.com\/wp-content\/uploads\/2023\/11\/anasayfa53.png);\n\t\t    width: 1542px;\n\t\t    right: 0;\n\t\t    top: 0;\n\t\t    bottom: 0;\n\t\t    background-repeat: no-repeat;\n\t\t    background-size: cover;\n\t\t}\n    <\/style>\n<\/section>\n\t\t\t<\/div>\n\t\t\t\t<\/div>\n\t\t\t\t\t<\/div>\n\t\t<\/div>\n\t\t\t\t\t<\/div>\n\t\t<\/section>\n\t\t\t\t<section class=\"elementor-section elementor-top-section elementor-element elementor-element-10187af elementor-section-full_width elementor-section-height-default elementor-section-height-default\" data-id=\"10187af\" data-element_type=\"section\">\n\t\t\t\t\t\t<div class=\"elementor-container elementor-column-gap-no\">\n\t\t\t\t\t<div class=\"elementor-column elementor-col-100 elementor-top-column elementor-element elementor-element-4d37693\" data-id=\"4d37693\" data-element_type=\"column\">\n\t\t\t<div class=\"elementor-widget-wrap elementor-element-populated\">\n\t\t\t\t\t\t<div class=\"elementor-element elementor-element-cb7173e elementor-align-left elementor-widget elementor-widget-bdevs-why-choose-us\" data-id=\"cb7173e\" data-element_type=\"widget\" data-widget_type=\"bdevs-why-choose-us.default\">\n\t\t\t\t<div class=\"elementor-widget-container\">\n\t\t\t  \n<section class=\"chose-us-area pt-130\">\n\n    <div class=\"video-area video-area2\" style=\"background-image: url(http:\/\/estetikvevaris.com\/wp-content\/uploads\/2023\/11\/varis-tedavi.png);\">\n    \t    <\/div>\n\n    <div class=\"container pl-0 pr-0\">\n\n        <div class=\"row no-gutters\">\n\n            <div class=\"col-xl-6 offset-xl-6 col-lg-12\">\n\n                <div class=\"chose-wrapper2 pl-80 pr-30 pb-80\">\n\n                    <div class=\"section-title text-left mb-35\">\n                    \t                        <h6 class=\"mb-20\"><i class=\"far fa-plus\"><\/i> Unsere Social-Media-Konten<\/h6>\n                                                                        <h2>Soziale Medien<\/h2>\n                                            <\/div>\n                                        <div class=\"chose-box d-sm-flex mb-30\">\n                    \t                        <div class=\"chose-icon mr-35\">\n\n                            <i class=\"fab fa-instagram\"><\/i>\n\n                        <\/div>\n                                                <div class=\"chose-content\">\n                        \t                            <h5 class=\"semi-title\"><a href=\"https:\/\/www.instagram.com\/uzm.dr.ulasguvenc\/\" target=\"_blank\" rel=\"noopener\">Spezialist Dr. Ula\u015f G\u00fcven\u00e7<\/a><\/h5>\n                                                                                    <p><a href=\"https:\/\/www.instagram.com\/uzm.dr.ulasguvenc\/\" target=\"_blank\" rel=\"noopener\">Instagram-Rezension<\/a><\/p>\n                                                    <\/div>\n\n                    <\/div>\n                                        <div class=\"chose-box d-sm-flex mb-30\">\n                    \t                        <div class=\"chose-icon mr-35\">\n\n                            <i class=\"fab fa-instagram\"><\/i>\n\n                        <\/div>\n                                                <div class=\"chose-content\">\n                        \t                            <h5 class=\"semi-title\"><a href=\"https:\/\/www.instagram.com\/dr.ihsanbayraktar\/\" target=\"_blank\" rel=\"noopener\">An. Dr. \u0130hsan Bayraktar<\/a><\/h5>\n                                                                                    <p><a href=\"https:\/\/www.instagram.com\/dr.ihsanbayraktar\/\" target=\"_blank\" rel=\"noopener\">Instagram-Rezension<\/a><\/p>\n                                                    <\/div>\n\n                    <\/div>\n                                        <div class=\"chose-box d-sm-flex mb-30\">\n                    \t                        <div class=\"chose-icon mr-35\">\n\n                            <i class=\"fab fa-instagram\"><\/i>\n\n                        <\/div>\n                                                <div class=\"chose-content\">\n                        \t                            <h5 class=\"semi-title\"><a href=\"https:\/\/www.instagram.com\/uzm.dr.bilalbulut\/\" target=\"_blank\" rel=\"noopener\">Spezialist Dr. Bilal Bulut <\/a><\/h5>\n                                                                                    <p><a href=\"https:\/\/www.instagram.com\/uzm.dr.bilalbulut\/\" target=\"_blank\" rel=\"noopener\">Instagram-Rezension<\/a><\/p>\n                                                    <\/div>\n\n                    <\/div>\n                                        <div class=\"chose-box d-sm-flex mb-30\">\n                    \t                        <div class=\"chose-icon mr-35\">\n\n                            <i class=\"fab fa-instagram\"><\/i>\n\n                        <\/div>\n                                                <div class=\"chose-content\">\n                        \t                            <h5 class=\"semi-title\"><a href=\"https:\/\/www.instagram.com\/opdrgizemturk\/\" target=\"_blank\" rel=\"noopener\">Op. Dr. Gizem Turk<\/a><\/h5>\n                                                                                    <p><a href=\"https:\/\/www.instagram.com\/opdrgizemturk\/\" target=\"_blank\" rel=\"noopener\">Instagram-Rezension<\/a><\/p>\n                                                    <\/div>\n\n                    <\/div>\n                                        <div class=\"chose-box d-sm-flex mb-30\">\n                    \t                        <div class=\"chose-icon mr-35\">\n\n                            <i class=\"fab fa-instagram\"><\/i>\n\n                        <\/div>\n                                                <div class=\"chose-content\">\n                        \t                            <h5 class=\"semi-title\"><a href=\"https:\/\/www.instagram.com\/estetikvevaris\/\" target=\"_blank\" rel=\"noopener\">\u00c4sthetik und Krampfadern<\/a><\/h5>\n                                                                                    <p><a href=\"https:\/\/www.instagram.com\/estetikvevaris\/\" target=\"_blank\" rel=\"noopener\">Instagram-Rezension<\/a><\/p>\n                                                    <\/div>\n\n                    <\/div>\n                                        \n\n                <\/div>\n\n            <\/div>\n\n        <\/div>\n\n    <\/div>\n\n<\/section>\n\t\t\t<\/div>\n\t\t\t\t<\/div>\n\t\t\t\t<div class=\"elementor-element elementor-element-2fc353e elementor-widget elementor-widget-spacer\" data-id=\"2fc353e\" data-element_type=\"widget\" data-widget_type=\"spacer.default\">\n\t\t\t\t<div class=\"elementor-widget-container\">\n\t\t\t\t\t<div class=\"elementor-spacer\">\n\t\t\t<div class=\"elementor-spacer-inner\"><\/div>\n\t\t<\/div>\n\t\t\t\t<\/div>\n\t\t\t\t<\/div>\n\t\t\t\t\t<\/div>\n\t\t<\/div>\n\t\t\t\t\t<\/div>\n\t\t<\/section>\n\t\t\t\t<\/div>\n\t\t","protected":false},"excerpt":{"rendered":"<p>Unsere Experten Unsere Mitarbeiter \u00dcber unsere Experten Uzm. Dr. Ula\u015f G\u00fcven\u00e7 Uzm. Dr. Ula\u015f G\u00fcven\u00e7 Uzm. Dr. Ula\u015f G\u00fcven\u00e7ADI SOYADI: Ulas G\u00fcven\u00e7 DO\u011eUM&#8230; Rezension Op. Dr. \u0130hsan Bayraktar Op. Dr. \u0130hsan Bayraktar Op. Dr. \u0130hsan BayraktarOp. Dr. \u0130hsan Bayraktar1978 Antakya&#8230; Rezension Uzm. Dr. Bilal Bulut Uzm. Dr. Bilal Bulut Uzm. Dr. Bilal Bulut\u00d6ZGE\u00c7M\u0130\u015eAd\u0131 Soyad\u0131:Bilal BulutDo\u011fum [&hellip;]<\/p>\n","protected":false},"author":1,"featured_media":0,"parent":0,"menu_order":0,"comment_status":"closed","ping_status":"closed","template":"page-templates\/home-page-1.php","meta":{"rank_math_lock_modified_date":false,"footnotes":""},"class_list":["post-2981","page","type-page","status-publish","hentry"],"_links":{"self":[{"href":"https:\/\/estetikvevaris.com\/de\/wp-json\/wp\/v2\/pages\/2981","targetHints":{"allow":["GET"]}}],"collection":[{"href":"https:\/\/estetikvevaris.com\/de\/wp-json\/wp\/v2\/pages"}],"about":[{"href":"https:\/\/estetikvevaris.com\/de\/wp-json\/wp\/v2\/types\/page"}],"author":[{"embeddable":true,"href":"https:\/\/estetikvevaris.com\/de\/wp-json\/wp\/v2\/users\/1"}],"replies":[{"embeddable":true,"href":"https:\/\/estetikvevaris.com\/de\/wp-json\/wp\/v2\/comments?post=2981"}],"version-history":[{"count":14,"href":"https:\/\/estetikvevaris.com\/de\/wp-json\/wp\/v2\/pages\/2981\/revisions"}],"predecessor-version":[{"id":4376,"href":"https:\/\/estetikvevaris.com\/de\/wp-json\/wp\/v2\/pages\/2981\/revisions\/4376"}],"wp:attachment":[{"href":"https:\/\/estetikvevaris.com\/de\/wp-json\/wp\/v2\/media?parent=2981"}],"curies":[{"name":"wp","href":"https:\/\/api.w.org\/{rel}","templated":true}]}}